{"id":3,"date":"2025-09-11T15:11:26","date_gmt":"2025-09-11T15:11:26","guid":{"rendered":"https:\/\/pirulitos.pt\/?page_id=3"},"modified":"2025-10-21T11:00:49","modified_gmt":"2025-10-21T11:00:49","slug":"politica-privacidade","status":"publish","type":"page","link":"https:\/\/pirulitos.pt\/es\/politica-privacidade\/","title":{"rendered":"Pol\u00edtica de privacidad"},"content":{"rendered":"<p class=\"has-ast-global-color-0-color has-text-color has-link-color wp-elements-25f671076f026e51a98b92f110fa5175\" style=\"margin-top:var(--wp--preset--spacing--40);margin-bottom:var(--wp--preset--spacing--40);padding-top:0;padding-bottom:0\"><strong>1. Recopilaci\u00f3n de datos personales<\/strong><br>La <strong>Pirulitos Baby Shop<\/strong> solo recopilamos los datos necesarios para procesar pedidos y comunicarnos con el cliente: nombre, direcci\u00f3n, correo electr\u00f3nico, n\u00famero de tel\u00e9fono y detalles de pago.<\/p>\n\n\n\n<p class=\"has-ast-global-color-0-color has-text-color has-link-color wp-elements-4236e328a70f18a274f35dafa0ef3463\" style=\"margin-top:0;margin-bottom:0;padding-top:0;padding-bottom:0\"><strong>2. Finalidad del Tratamiento<\/strong><br>Los datos se utilizan para:<\/p>\n\n\n\n<ul style=\"margin-top:var(--wp--preset--spacing--30);margin-right:var(--wp--preset--spacing--20);margin-bottom:var(--wp--preset--spacing--30);margin-left:var(--wp--preset--spacing--20)\" class=\"wp-block-list\">\n<li class=\"has-ast-global-color-0-color has-text-color has-link-color wp-elements-0216bdbfe4df7f8da6490d863c5762ad\">Procesamiento y env\u00edo de pedidos;<\/li>\n\n\n\n<li class=\"has-ast-global-color-0-color has-text-color has-link-color wp-elements-7635ebc2805bc92d9dceeca76915f2e0\">Comunicaci\u00f3n con el cliente;<\/li>\n\n\n\n<li class=\"has-ast-global-color-0-color has-text-color has-link-color wp-elements-2824814b323aaefda7dfb94da036dcf2\">Env\u00edo de informaci\u00f3n o promociones (s\u00f3lo con consentimiento previo).<\/li>\n<\/ul>\n\n\n\n<p class=\"has-ast-global-color-0-color has-text-color has-link-color wp-elements-308e1edb337d2bf80407439bfd31a84b\" style=\"margin-top:var(--wp--preset--spacing--40);margin-bottom:var(--wp--preset--spacing--40)\"><strong>3. Protecci\u00f3n de datos<\/strong><br>Los datos se almacenan de forma segura y nunca se venden, intercambian ni divulgan a terceros, excepto cuando es necesario para el cumplimiento del pedido (por ejemplo, empresas de env\u00edo).<\/p>\n\n\n\n<p class=\"has-ast-global-color-0-color has-text-color has-link-color wp-elements-af93309504e84242fe959786eb1fb3ba\" style=\"margin-top:var(--wp--preset--spacing--40);margin-bottom:var(--wp--preset--spacing--40)\"><strong>4. Derechos del cliente<\/strong><br>El cliente podr\u00e1, en cualquier momento:<\/p>\n\n\n\n<ul style=\"margin-top:0;margin-right:var(--wp--preset--spacing--20);margin-bottom:0;margin-left:var(--wp--preset--spacing--20)\" class=\"wp-block-list\">\n<li class=\"has-ast-global-color-0-color has-text-color has-link-color wp-elements-b7bb65e54efa4486eaf6b6fd26fafe9c\">Acceder, corregir o eliminar sus datos;<\/li>\n\n\n\n<li class=\"has-ast-global-color-0-color has-text-color has-link-color wp-elements-5bf5a430fd52bdda0d91e5d99e6e36e8\">Solicitar la portabilidad o limitaci\u00f3n del tratamiento.<br>Para ejercer estos derechos, simplemente p\u00f3ngase en contacto con nosotros. <strong><a>geral@pirulitos.pt<\/a><\/strong>.<\/li>\n<\/ul>\n\n\n\n<p class=\"has-ast-global-color-0-color has-text-color has-link-color wp-elements-e5fa728a0f027bee7ec3e06b8b054466\" style=\"margin-top:var(--wp--preset--spacing--40);margin-bottom:var(--wp--preset--spacing--40)\"><strong>5. Cookies<\/strong><br>Este sitio web utiliza cookies para mejorar la experiencia de navegaci\u00f3n y recopilar estad\u00edsticas an\u00f3nimas. Los clientes pueden desactivar las cookies en su navegador en cualquier momento.<\/p>\n\n\n\n<p style=\"margin-top:0;margin-bottom:0;padding-top:0;padding-bottom:0\"><\/p>\n\n\n\n<p><\/p>","protected":false},"excerpt":{"rendered":"<p>1. Recolha de Dados PessoaisA Pirulitos Baby Shop recolhe apenas os dados necess\u00e1rios ao processamento das encomendas e comunica\u00e7\u00f5es com o cliente \u2014 nome, morada, e-mail, telefone e dados de pagamento. 2. Finalidade do TratamentoOs dados s\u00e3o utilizados para: 3. Prote\u00e7\u00e3o dos DadosOs dados s\u00e3o armazenados de forma segura e nunca s\u00e3o vendidos, trocados ou [&hellip;]<\/p>\n","protected":false},"author":1,"featured_media":0,"parent":0,"menu_order":0,"comment_status":"closed","ping_status":"closed","template":"","meta":{"om_disable_all_campaigns":false,"_uag_custom_page_level_css":"","_monsterinsights_skip_tracking":false,"_monsterinsights_sitenote_active":false,"_monsterinsights_sitenote_note":"","_monsterinsights_sitenote_category":0,"site-sidebar-layout":"default","site-content-layout":"","ast-site-content-layout":"default","site-content-style":"default","site-sidebar-style":"default","ast-global-header-display":"","ast-banner-title-visibility":"","ast-main-header-display":"","ast-hfb-above-header-display":"","ast-hfb-below-header-display":"","ast-hfb-mobile-header-display":"","site-post-title":"","ast-breadcrumbs-content":"","ast-featured-img":"","footer-sml-layout":"","ast-disable-related-posts":"","theme-transparent-header-meta":"","adv-header-id-meta":"","stick-header-meta":"","header-above-stick-meta":"","header-main-stick-meta":"","header-below-stick-meta":"","astra-migrate-meta-layouts":"set","ast-page-background-enabled":"default","ast-page-background-meta":{"desktop":{"background-color":"","background-image":"","background-repeat":"repeat","background-position":"center center","background-size":"auto","background-attachment":"scroll","background-type":"","background-media":"","overlay-type":"","overlay-color":"","overlay-opacity":"","overlay-gradient":""},"tablet":{"background-color":"","background-image":"","background-repeat":"repeat","background-position":"center center","background-size":"auto","background-attachment":"scroll","background-type":"","background-media":"","overlay-type":"","overlay-color":"","overlay-opacity":"","overlay-gradient":""},"mobile":{"background-color":"","background-image":"","background-repeat":"repeat","background-position":"center center","background-size":"auto","background-attachment":"scroll","background-type":"","background-media":"","overlay-type":"","overlay-color":"","overlay-opacity":"","overlay-gradient":""}},"ast-content-background-meta":{"desktop":{"background-color":"var(--ast-global-color-5)","background-image":"","background-repeat":"repeat","background-position":"center center","background-size":"auto","background-attachment":"scroll","background-type":"","background-media":"","overlay-type":"","overlay-color":"","overlay-opacity":"","overlay-gradient":""},"tablet":{"background-color":"var(--ast-global-color-5)","background-image":"","background-repeat":"repeat","background-position":"center center","background-size":"auto","background-attachment":"scroll","background-type":"","background-media":"","overlay-type":"","overlay-color":"","overlay-opacity":"","overlay-gradient":""},"mobile":{"background-color":"var(--ast-global-color-5)","background-image":"","background-repeat":"repeat","background-position":"center center","background-size":"auto","background-attachment":"scroll","background-type":"","background-media":"","overlay-type":"","overlay-color":"","overlay-opacity":"","overlay-gradient":""}},"footnotes":""},"class_list":["post-3","page","type-page","status-publish","hentry"],"aioseo_notices":[],"uagb_featured_image_src":{"full":false,"thumbnail":false,"medium":false,"medium_large":false,"large":false,"1536x1536":false,"2048x2048":false,"trp-custom-language-flag":false,"widget-thumbnail":false,"woocommerce_thumbnail":false,"woocommerce_single":false,"woocommerce_gallery_thumbnail":false,"variation_swatches_image_size":false,"variation_swatches_tooltip_size":false},"uagb_author_info":{"display_name":"Lu\u00eds Costa","author_link":"https:\/\/pirulitos.pt\/es\/author\/lclcostagmail-com\/"},"uagb_comment_info":0,"uagb_excerpt":"1. Recolha de Dados PessoaisA Pirulitos Baby Shop recolhe apenas os dados necess\u00e1rios ao processamento das encomendas e comunica\u00e7\u00f5es com o cliente \u2014 nome, morada, e-mail, telefone e dados de pagamento. 2. Finalidade do TratamentoOs dados s\u00e3o utilizados para: 3. Prote\u00e7\u00e3o dos DadosOs dados s\u00e3o armazenados de forma segura e nunca s\u00e3o vendidos, trocados ou&hellip;","jetpack_sharing_enabled":true,"_links":{"self":[{"href":"https:\/\/pirulitos.pt\/es\/wp-json\/wp\/v2\/pages\/3","targetHints":{"allow":["GET"]}}],"collection":[{"href":"https:\/\/pirulitos.pt\/es\/wp-json\/wp\/v2\/pages"}],"about":[{"href":"https:\/\/pirulitos.pt\/es\/wp-json\/wp\/v2\/types\/page"}],"author":[{"embeddable":true,"href":"https:\/\/pirulitos.pt\/es\/wp-json\/wp\/v2\/users\/1"}],"replies":[{"embeddable":true,"href":"https:\/\/pirulitos.pt\/es\/wp-json\/wp\/v2\/comments?post=3"}],"version-history":[{"count":0,"href":"https:\/\/pirulitos.pt\/es\/wp-json\/wp\/v2\/pages\/3\/revisions"}],"wp:attachment":[{"href":"https:\/\/pirulitos.pt\/es\/wp-json\/wp\/v2\/media?parent=3"}],"curies":[{"name":"wp","href":"https:\/\/api.w.org\/{rel}","templated":true}]}}