{"id":6817,"date":"2025-11-25T11:30:16","date_gmt":"2025-11-25T11:30:16","guid":{"rendered":"https:\/\/pirulitos.pt\/?post_type=product&#038;p=6817"},"modified":"2026-01-23T00:33:08","modified_gmt":"2026-01-23T00:33:08","slug":"conjunto-da-minnie","status":"publish","type":"product","link":"https:\/\/pirulitos.pt\/es\/product\/conjunto-da-minnie\/","title":{"rendered":"Conjunto de Minnie"},"content":{"rendered":"<p>Conjunto de 2 piezas Minnie, jersey y pantal\u00f3n corto.<\/p>","protected":false},"excerpt":{"rendered":"<p>Conjunto de 2 piezas Minnie, jersey y pantal\u00f3n corto.<\/p>","protected":false},"featured_media":7704,"template":"","meta":{"om_disable_all_campaigns":false,"_uag_custom_page_level_css":"","_monsterinsights_skip_tracking":false,"_monsterinsights_sitenote_active":false,"_monsterinsights_sitenote_note":"","_monsterinsights_sitenote_category":0,"site-sidebar-layout":"default","site-content-layout":"","ast-site-content-layout":"default","site-content-style":"default","site-sidebar-style":"default","ast-global-header-display":"","ast-banner-title-visibility":"","ast-main-header-display":"","ast-hfb-above-header-display":"","ast-hfb-below-header-display":"","ast-hfb-mobile-header-display":"","site-post-title":"","ast-breadcrumbs-content":"","ast-featured-img":"","footer-sml-layout":"","ast-disable-related-posts":"","theme-transparent-header-meta":"default","adv-header-id-meta":"","stick-header-meta":"","header-above-stick-meta":"","header-main-stick-meta":"","header-below-stick-meta":"","astra-migrate-meta-layouts":"set","ast-page-background-enabled":"default","ast-page-background-meta":{"desktop":{"background-color":"","background-image":"","background-repeat":"repeat","background-position":"center center","background-size":"auto","background-attachment":"scroll","background-type":"","background-media":"","overlay-type":"","overlay-color":"","overlay-opacity":"","overlay-gradient":""},"tablet":{"background-color":"","background-image":"","background-repeat":"repeat","background-position":"center center","background-size":"auto","background-attachment":"scroll","background-type":"","background-media":"","overlay-type":"","overlay-color":"","overlay-opacity":"","overlay-gradient":""},"mobile":{"background-color":"","background-image":"","background-repeat":"repeat","background-position":"center center","background-size":"auto","background-attachment":"scroll","background-type":"","background-media":"","overlay-type":"","overlay-color":"","overlay-opacity":"","overlay-gradient":""}},"ast-content-background-meta":{"desktop":{"background-color":"var(--ast-global-color-5)","background-image":"","background-repeat":"repeat","background-position":"center center","background-size":"auto","background-attachment":"scroll","background-type":"","background-media":"","overlay-type":"","overlay-color":"","overlay-opacity":"","overlay-gradient":""},"tablet":{"background-color":"var(--ast-global-color-5)","background-image":"","background-repeat":"repeat","background-position":"center center","background-size":"auto","background-attachment":"scroll","background-type":"","background-media":"","overlay-type":"","overlay-color":"","overlay-opacity":"","overlay-gradient":""},"mobile":{"background-color":"var(--ast-global-color-5)","background-image":"","background-repeat":"repeat","background-position":"center center","background-size":"auto","background-attachment":"scroll","background-type":"","background-media":"","overlay-type":"","overlay-color":"","overlay-opacity":"","overlay-gradient":""}}},"product_brand":[],"product_cat":[45,62],"product_tag":[],"class_list":{"0":"post-6817","1":"product","2":"type-product","3":"status-publish","4":"has-post-thumbnail","6":"product_cat-roupa","7":"product_cat-conjuntos","8":"desktop-align-center","9":"tablet-align-center","10":"mobile-align-center","12":"first","13":"instock","14":"shipping-taxable","15":"purchasable","16":"product-type-variable"},"aioseo_notices":[],"uagb_featured_image_src":{"full":["https:\/\/pirulitos.pt\/wp-content\/uploads\/2025\/11\/conjunto_minie_vermelho1.png",1024,1024,false],"thumbnail":["https:\/\/pirulitos.pt\/wp-content\/uploads\/2025\/11\/conjunto_minie_vermelho1-150x150.png",150,150,true],"medium":["https:\/\/pirulitos.pt\/wp-content\/uploads\/2025\/11\/conjunto_minie_vermelho1-300x300.png",300,300,true],"medium_large":["https:\/\/pirulitos.pt\/wp-content\/uploads\/2025\/11\/conjunto_minie_vermelho1-768x768.png",768,768,true],"large":["https:\/\/pirulitos.pt\/wp-content\/uploads\/2025\/11\/conjunto_minie_vermelho1.png",1024,1024,false],"1536x1536":["https:\/\/pirulitos.pt\/wp-content\/uploads\/2025\/11\/conjunto_minie_vermelho1.png",1024,1024,false],"2048x2048":["https:\/\/pirulitos.pt\/wp-content\/uploads\/2025\/11\/conjunto_minie_vermelho1.png",1024,1024,false],"trp-custom-language-flag":["https:\/\/pirulitos.pt\/wp-content\/uploads\/2025\/11\/conjunto_minie_vermelho1.png",12,12,false],"widget-thumbnail":["https:\/\/pirulitos.pt\/wp-content\/uploads\/2025\/11\/conjunto_minie_vermelho1.png",75,75,false],"woocommerce_thumbnail":["https:\/\/pirulitos.pt\/wp-content\/uploads\/2025\/11\/conjunto_minie_vermelho1-300x300.png",300,300,true],"woocommerce_single":["https:\/\/pirulitos.pt\/wp-content\/uploads\/2025\/11\/conjunto_minie_vermelho1-600x600.png",600,600,true],"woocommerce_gallery_thumbnail":["https:\/\/pirulitos.pt\/wp-content\/uploads\/2025\/11\/conjunto_minie_vermelho1-100x100.png",100,100,true],"variation_swatches_image_size":["https:\/\/pirulitos.pt\/wp-content\/uploads\/2025\/11\/conjunto_minie_vermelho1-50x50.png",50,50,true],"variation_swatches_tooltip_size":["https:\/\/pirulitos.pt\/wp-content\/uploads\/2025\/11\/conjunto_minie_vermelho1-100x100.png",100,100,true]},"uagb_author_info":{"display_name":"Lu\u00eds Costa","author_link":"https:\/\/pirulitos.pt\/es\/author\/"},"uagb_comment_info":0,"uagb_excerpt":"Conjunto da Minnie de 2 pe\u00e7as, camisola e cal\u00e7\u00e3o.","jetpack_sharing_enabled":true,"_links":{"self":[{"href":"https:\/\/pirulitos.pt\/es\/wp-json\/wp\/v2\/product\/6817","targetHints":{"allow":["GET"]}}],"collection":[{"href":"https:\/\/pirulitos.pt\/es\/wp-json\/wp\/v2\/product"}],"about":[{"href":"https:\/\/pirulitos.pt\/es\/wp-json\/wp\/v2\/types\/product"}],"wp:featuredmedia":[{"embeddable":true,"href":"https:\/\/pirulitos.pt\/es\/wp-json\/wp\/v2\/media\/7704"}],"wp:attachment":[{"href":"https:\/\/pirulitos.pt\/es\/wp-json\/wp\/v2\/media?parent=6817"}],"wp:term":[{"taxonomy":"product_brand","embeddable":true,"href":"https:\/\/pirulitos.pt\/es\/wp-json\/wp\/v2\/product_brand?post=6817"},{"taxonomy":"product_cat","embeddable":true,"href":"https:\/\/pirulitos.pt\/es\/wp-json\/wp\/v2\/product_cat?post=6817"},{"taxonomy":"product_tag","embeddable":true,"href":"https:\/\/pirulitos.pt\/es\/wp-json\/wp\/v2\/product_tag?post=6817"}],"curies":[{"name":"wp","href":"https:\/\/api.w.org\/{rel}","templated":true}]}}