{"id":765,"date":"2025-09-15T17:38:40","date_gmt":"2025-09-15T17:38:40","guid":{"rendered":"https:\/\/pirulitos.pt\/?post_type=product&#038;p=765"},"modified":"2026-01-23T00:33:24","modified_gmt":"2026-01-23T00:33:24","slug":"fato-treino-cardado-bebe-menino-carro","status":"publish","type":"product","link":"https:\/\/pirulitos.pt\/es\/product\/fato-treino-cardado-bebe-menino-carro\/","title":{"rendered":"Traje Deportivo con felpa Coche Beb\u00e9 Ni\u00f1o"},"content":{"rendered":"<div id=\"Produto\">\n<div class=\"container-fluid\">\n<div class=\"row rowProduto\">\n<div class=\"col-lg-6 InfoProduto\">\n<div class=\"sticky-top\">\n<div class=\"descricaoCompleta\">\n<div class=\"accordion accordion-simple\">\n<div class=\"ac-item ac-active\">\n<div class=\"ac-content\">\n<p>Ch\u00e1ndal en tejido con felpa con aplicaci\u00f3n bordada, para beb\u00e9 ni\u00f1o.<\/p>\n<\/div>\n<\/div>\n<\/div>\n<\/div>\n<\/div>\n<\/div>\n<\/div>\n<\/div>\n<\/div>","protected":false},"excerpt":{"rendered":"<p>Ch\u00e1ndal en tejido con felpa con aplicaci\u00f3n bordada, para beb\u00e9 ni\u00f1o.<\/p>","protected":false},"featured_media":6604,"template":"","meta":{"om_disable_all_campaigns":false,"_uag_custom_page_level_css":"","_monsterinsights_skip_tracking":false,"_monsterinsights_sitenote_active":false,"_monsterinsights_sitenote_note":"","_monsterinsights_sitenote_category":0,"site-sidebar-layout":"default","site-content-layout":"","ast-site-content-layout":"default","site-content-style":"default","site-sidebar-style":"default","ast-global-header-display":"","ast-banner-title-visibility":"","ast-main-header-display":"","ast-hfb-above-header-display":"","ast-hfb-below-header-display":"","ast-hfb-mobile-header-display":"","site-post-title":"","ast-breadcrumbs-content":"","ast-featured-img":"","footer-sml-layout":"","ast-disable-related-posts":"","theme-transparent-header-meta":"default","adv-header-id-meta":"","stick-header-meta":"","header-above-stick-meta":"","header-main-stick-meta":"","header-below-stick-meta":"","astra-migrate-meta-layouts":"set","ast-page-background-enabled":"default","ast-page-background-meta":{"desktop":{"background-color":"","background-image":"","background-repeat":"repeat","background-position":"center center","background-size":"auto","background-attachment":"scroll","background-type":"","background-media":"","overlay-type":"","overlay-color":"","overlay-opacity":"","overlay-gradient":""},"tablet":{"background-color":"","background-image":"","background-repeat":"repeat","background-position":"center center","background-size":"auto","background-attachment":"scroll","background-type":"","background-media":"","overlay-type":"","overlay-color":"","overlay-opacity":"","overlay-gradient":""},"mobile":{"background-color":"","background-image":"","background-repeat":"repeat","background-position":"center center","background-size":"auto","background-attachment":"scroll","background-type":"","background-media":"","overlay-type":"","overlay-color":"","overlay-opacity":"","overlay-gradient":""}},"ast-content-background-meta":{"desktop":{"background-color":"var(--ast-global-color-5)","background-image":"","background-repeat":"repeat","background-position":"center center","background-size":"auto","background-attachment":"scroll","background-type":"","background-media":"","overlay-type":"","overlay-color":"","overlay-opacity":"","overlay-gradient":""},"tablet":{"background-color":"var(--ast-global-color-5)","background-image":"","background-repeat":"repeat","background-position":"center center","background-size":"auto","background-attachment":"scroll","background-type":"","background-media":"","overlay-type":"","overlay-color":"","overlay-opacity":"","overlay-gradient":""},"mobile":{"background-color":"var(--ast-global-color-5)","background-image":"","background-repeat":"repeat","background-position":"center center","background-size":"auto","background-attachment":"scroll","background-type":"","background-media":"","overlay-type":"","overlay-color":"","overlay-opacity":"","overlay-gradient":""}}},"product_brand":[],"product_cat":[45,44],"product_tag":[],"class_list":{"0":"post-765","1":"product","2":"type-product","3":"status-publish","4":"has-post-thumbnail","6":"product_cat-roupa","7":"product_cat-fato-de-treino","8":"desktop-align-center","9":"tablet-align-center","10":"mobile-align-center","12":"first","13":"instock","14":"shipping-taxable","15":"purchasable","16":"product-type-variable"},"aioseo_notices":[],"uagb_featured_image_src":{"full":["https:\/\/pirulitos.pt\/wp-content\/uploads\/2025\/09\/fato_treino_cardado_bebe_carro_azul-1.png",1024,1024,false],"thumbnail":["https:\/\/pirulitos.pt\/wp-content\/uploads\/2025\/09\/fato_treino_cardado_bebe_carro_azul-1-150x150.png",150,150,true],"medium":["https:\/\/pirulitos.pt\/wp-content\/uploads\/2025\/09\/fato_treino_cardado_bebe_carro_azul-1-300x300.png",300,300,true],"medium_large":["https:\/\/pirulitos.pt\/wp-content\/uploads\/2025\/09\/fato_treino_cardado_bebe_carro_azul-1-768x768.png",768,768,true],"large":["https:\/\/pirulitos.pt\/wp-content\/uploads\/2025\/09\/fato_treino_cardado_bebe_carro_azul-1.png",1024,1024,false],"1536x1536":["https:\/\/pirulitos.pt\/wp-content\/uploads\/2025\/09\/fato_treino_cardado_bebe_carro_azul-1.png",1024,1024,false],"2048x2048":["https:\/\/pirulitos.pt\/wp-content\/uploads\/2025\/09\/fato_treino_cardado_bebe_carro_azul-1.png",1024,1024,false],"trp-custom-language-flag":["https:\/\/pirulitos.pt\/wp-content\/uploads\/2025\/09\/fato_treino_cardado_bebe_carro_azul-1.png",12,12,false],"widget-thumbnail":["https:\/\/pirulitos.pt\/wp-content\/uploads\/2025\/09\/fato_treino_cardado_bebe_carro_azul-1.png",75,75,false],"woocommerce_thumbnail":["https:\/\/pirulitos.pt\/wp-content\/uploads\/2025\/09\/fato_treino_cardado_bebe_carro_azul-1-300x300.png",300,300,true],"woocommerce_single":["https:\/\/pirulitos.pt\/wp-content\/uploads\/2025\/09\/fato_treino_cardado_bebe_carro_azul-1-600x600.png",600,600,true],"woocommerce_gallery_thumbnail":["https:\/\/pirulitos.pt\/wp-content\/uploads\/2025\/09\/fato_treino_cardado_bebe_carro_azul-1-100x100.png",100,100,true],"variation_swatches_image_size":["https:\/\/pirulitos.pt\/wp-content\/uploads\/2025\/09\/fato_treino_cardado_bebe_carro_azul-1-50x50.png",50,50,true],"variation_swatches_tooltip_size":["https:\/\/pirulitos.pt\/wp-content\/uploads\/2025\/09\/fato_treino_cardado_bebe_carro_azul-1-100x100.png",100,100,true]},"uagb_author_info":{"display_name":"Lu\u00eds Costa","author_link":"https:\/\/pirulitos.pt\/es\/author\/"},"uagb_comment_info":0,"uagb_excerpt":"Fato treino em tecido cardado com aplica\u00e7\u00e3o bordada, para beb\u00e9 menino.","jetpack_sharing_enabled":true,"_links":{"self":[{"href":"https:\/\/pirulitos.pt\/es\/wp-json\/wp\/v2\/product\/765","targetHints":{"allow":["GET"]}}],"collection":[{"href":"https:\/\/pirulitos.pt\/es\/wp-json\/wp\/v2\/product"}],"about":[{"href":"https:\/\/pirulitos.pt\/es\/wp-json\/wp\/v2\/types\/product"}],"wp:featuredmedia":[{"embeddable":true,"href":"https:\/\/pirulitos.pt\/es\/wp-json\/wp\/v2\/media\/6604"}],"wp:attachment":[{"href":"https:\/\/pirulitos.pt\/es\/wp-json\/wp\/v2\/media?parent=765"}],"wp:term":[{"taxonomy":"product_brand","embeddable":true,"href":"https:\/\/pirulitos.pt\/es\/wp-json\/wp\/v2\/product_brand?post=765"},{"taxonomy":"product_cat","embeddable":true,"href":"https:\/\/pirulitos.pt\/es\/wp-json\/wp\/v2\/product_cat?post=765"},{"taxonomy":"product_tag","embeddable":true,"href":"https:\/\/pirulitos.pt\/es\/wp-json\/wp\/v2\/product_tag?post=765"}],"curies":[{"name":"wp","href":"https:\/\/api.w.org\/{rel}","templated":true}]}}