{"id":8337,"date":"2026-02-03T16:57:12","date_gmt":"2026-02-03T16:57:12","guid":{"rendered":"https:\/\/pirulitos.pt\/?post_type=product&#038;p=8337"},"modified":"2026-03-18T10:45:20","modified_gmt":"2026-03-18T10:45:20","slug":"vestido-malha-e-tecido-forrado-e-touquinha","status":"publish","type":"product","link":"https:\/\/pirulitos.pt\/es\/product\/vestido-malha-e-tecido-forrado-e-touquinha\/","title":{"rendered":"Vestido de punto y tejido con forro y gorro"},"content":{"rendered":"<p>Vestido de algod\u00f3n de manga larga 100%, dise\u00f1ado para ofrecer la m\u00e1xima comodidad y delicadeza \ud83e\udd0d<br data-start=\"91\" data-end=\"94\" \/>La parte superior de suave punto garantiza un tacto suave, mientras que la parte inferior de tejido ligero aporta encanto y elegancia.<br data-start=\"222\" data-end=\"225\" \/>Totalmente forrado, perfecto para proteger la piel sensible, viene con una cofia a juego para un look completo e irresistible\u2728.<\/p>","protected":false},"excerpt":{"rendered":"<p>Vestido de algod\u00f3n de manga larga 100%, dise\u00f1ado para ofrecer la m\u00e1xima comodidad y delicadeza \ud83e\udd0d<br data-start=\"91\" data-end=\"94\" \/>La parte superior de suave punto garantiza un tacto suave, mientras que la parte inferior de tejido ligero aporta encanto y elegancia.<br data-start=\"222\" data-end=\"225\" \/>Totalmente forrado, perfecto para proteger la piel sensible, y viene con una cofia a juego para un look completo e irresistible \u2728<\/p>","protected":false},"featured_media":8342,"template":"","meta":{"om_disable_all_campaigns":false,"_uag_custom_page_level_css":"","_monsterinsights_skip_tracking":false,"_monsterinsights_sitenote_active":false,"_monsterinsights_sitenote_note":"","_monsterinsights_sitenote_category":0,"site-sidebar-layout":"default","site-content-layout":"","ast-site-content-layout":"default","site-content-style":"default","site-sidebar-style":"default","ast-global-header-display":"","ast-banner-title-visibility":"","ast-main-header-display":"","ast-hfb-above-header-display":"","ast-hfb-below-header-display":"","ast-hfb-mobile-header-display":"","site-post-title":"","ast-breadcrumbs-content":"","ast-featured-img":"","footer-sml-layout":"","ast-disable-related-posts":"","theme-transparent-header-meta":"default","adv-header-id-meta":"","stick-header-meta":"","header-above-stick-meta":"","header-main-stick-meta":"","header-below-stick-meta":"","astra-migrate-meta-layouts":"set","ast-page-background-enabled":"default","ast-page-background-meta":{"desktop":{"background-color":"","background-image":"","background-repeat":"repeat","background-position":"center center","background-size":"auto","background-attachment":"scroll","background-type":"","background-media":"","overlay-type":"","overlay-color":"","overlay-opacity":"","overlay-gradient":""},"tablet":{"background-color":"","background-image":"","background-repeat":"repeat","background-position":"center center","background-size":"auto","background-attachment":"scroll","background-type":"","background-media":"","overlay-type":"","overlay-color":"","overlay-opacity":"","overlay-gradient":""},"mobile":{"background-color":"","background-image":"","background-repeat":"repeat","background-position":"center center","background-size":"auto","background-attachment":"scroll","background-type":"","background-media":"","overlay-type":"","overlay-color":"","overlay-opacity":"","overlay-gradient":""}},"ast-content-background-meta":{"desktop":{"background-color":"var(--ast-global-color-5)","background-image":"","background-repeat":"repeat","background-position":"center center","background-size":"auto","background-attachment":"scroll","background-type":"","background-media":"","overlay-type":"","overlay-color":"","overlay-opacity":"","overlay-gradient":""},"tablet":{"background-color":"var(--ast-global-color-5)","background-image":"","background-repeat":"repeat","background-position":"center center","background-size":"auto","background-attachment":"scroll","background-type":"","background-media":"","overlay-type":"","overlay-color":"","overlay-opacity":"","overlay-gradient":""},"mobile":{"background-color":"var(--ast-global-color-5)","background-image":"","background-repeat":"repeat","background-position":"center center","background-size":"auto","background-attachment":"scroll","background-type":"","background-media":"","overlay-type":"","overlay-color":"","overlay-opacity":"","overlay-gradient":""}}},"product_brand":[],"product_cat":[72,45,62],"product_tag":[],"class_list":{"0":"post-8337","1":"product","2":"type-product","3":"status-publish","4":"has-post-thumbnail","6":"product_cat-primavera-verao","7":"product_cat-roupa","8":"product_cat-conjuntos","9":"desktop-align-center","10":"tablet-align-center","11":"mobile-align-center","13":"first","14":"instock","15":"shipping-taxable","16":"purchasable","17":"product-type-variable"},"aioseo_notices":[],"uagb_featured_image_src":{"full":["https:\/\/pirulitos.pt\/wp-content\/uploads\/2026\/02\/Vestido_malha_tecido_forrado_Lavanda.png",1024,1024,false],"thumbnail":["https:\/\/pirulitos.pt\/wp-content\/uploads\/2026\/02\/Vestido_malha_tecido_forrado_Lavanda-150x150.png",150,150,true],"medium":["https:\/\/pirulitos.pt\/wp-content\/uploads\/2026\/02\/Vestido_malha_tecido_forrado_Lavanda-300x300.png",300,300,true],"medium_large":["https:\/\/pirulitos.pt\/wp-content\/uploads\/2026\/02\/Vestido_malha_tecido_forrado_Lavanda-768x768.png",768,768,true],"large":["https:\/\/pirulitos.pt\/wp-content\/uploads\/2026\/02\/Vestido_malha_tecido_forrado_Lavanda.png",1024,1024,false],"1536x1536":["https:\/\/pirulitos.pt\/wp-content\/uploads\/2026\/02\/Vestido_malha_tecido_forrado_Lavanda.png",1024,1024,false],"2048x2048":["https:\/\/pirulitos.pt\/wp-content\/uploads\/2026\/02\/Vestido_malha_tecido_forrado_Lavanda.png",1024,1024,false],"trp-custom-language-flag":["https:\/\/pirulitos.pt\/wp-content\/uploads\/2026\/02\/Vestido_malha_tecido_forrado_Lavanda.png",12,12,false],"widget-thumbnail":["https:\/\/pirulitos.pt\/wp-content\/uploads\/2026\/02\/Vestido_malha_tecido_forrado_Lavanda.png",75,75,false],"woocommerce_thumbnail":["https:\/\/pirulitos.pt\/wp-content\/uploads\/2026\/02\/Vestido_malha_tecido_forrado_Lavanda-300x300.png",300,300,true],"woocommerce_single":["https:\/\/pirulitos.pt\/wp-content\/uploads\/2026\/02\/Vestido_malha_tecido_forrado_Lavanda-600x600.png",600,600,true],"woocommerce_gallery_thumbnail":["https:\/\/pirulitos.pt\/wp-content\/uploads\/2026\/02\/Vestido_malha_tecido_forrado_Lavanda-100x100.png",100,100,true],"variation_swatches_image_size":["https:\/\/pirulitos.pt\/wp-content\/uploads\/2026\/02\/Vestido_malha_tecido_forrado_Lavanda-50x50.png",50,50,true],"variation_swatches_tooltip_size":["https:\/\/pirulitos.pt\/wp-content\/uploads\/2026\/02\/Vestido_malha_tecido_forrado_Lavanda-100x100.png",100,100,true]},"uagb_author_info":{"display_name":"Lu\u00eds Costa","author_link":"https:\/\/pirulitos.pt\/es\/author\/"},"uagb_comment_info":0,"uagb_excerpt":"Vestido de manga comprida 100% algod\u00e3o, pensado para m\u00e1ximo conforto e delicadeza \ud83e\udd0dA parte de cima em malha macia garante um toque suave, enquanto a parte de baixo em tecido leve traz charme e eleg\u00e2ncia.Todo forradinho, perfeito para proteger a pele sens\u00edvel, e acompanha uma touquinha a combinar para um look completo e irresist\u00edvel \u2728","jetpack_sharing_enabled":true,"_links":{"self":[{"href":"https:\/\/pirulitos.pt\/es\/wp-json\/wp\/v2\/product\/8337","targetHints":{"allow":["GET"]}}],"collection":[{"href":"https:\/\/pirulitos.pt\/es\/wp-json\/wp\/v2\/product"}],"about":[{"href":"https:\/\/pirulitos.pt\/es\/wp-json\/wp\/v2\/types\/product"}],"wp:featuredmedia":[{"embeddable":true,"href":"https:\/\/pirulitos.pt\/es\/wp-json\/wp\/v2\/media\/8342"}],"wp:attachment":[{"href":"https:\/\/pirulitos.pt\/es\/wp-json\/wp\/v2\/media?parent=8337"}],"wp:term":[{"taxonomy":"product_brand","embeddable":true,"href":"https:\/\/pirulitos.pt\/es\/wp-json\/wp\/v2\/product_brand?post=8337"},{"taxonomy":"product_cat","embeddable":true,"href":"https:\/\/pirulitos.pt\/es\/wp-json\/wp\/v2\/product_cat?post=8337"},{"taxonomy":"product_tag","embeddable":true,"href":"https:\/\/pirulitos.pt\/es\/wp-json\/wp\/v2\/product_tag?post=8337"}],"curies":[{"name":"wp","href":"https:\/\/api.w.org\/{rel}","templated":true}]}}