{"id":8459,"date":"2026-02-06T09:38:23","date_gmt":"2026-02-06T09:38:23","guid":{"rendered":"https:\/\/pirulitos.pt\/?post_type=product&#038;p=8459"},"modified":"2026-02-13T10:44:04","modified_gmt":"2026-02-13T10:44:04","slug":"babygrow-em-algodao-ursinho-no-cavalinho","status":"publish","type":"product","link":"https:\/\/pirulitos.pt\/es\/product\/babygrow-em-algodao-ursinho-no-cavalinho\/","title":{"rendered":"Pelele de algod\u00f3n con osito de peluche sobre un caballito"},"content":{"rendered":"<p data-start=\"0\" data-end=\"270\">Babygrow de suave algod\u00f3n, ideal para el confort diario del beb\u00e9.<br data-start=\"68\" data-end=\"71\" \/>Este estilo envolvente es pr\u00e1ctico y funcional, facilitando vestirse y cambiar pa\u00f1ales. Luce un estampado de osito de peluche y caballo, que le da un toque de ternura.<\/p>\n<p data-start=\"272\" data-end=\"415\" data-is-last-node=\"\" data-is-only-node=\"\">Es la elecci\u00f3n perfecta para garantizar bienestar, comodidad y encanto en todo momento <img decoding=\"async\" class=\"emoji\" role=\"img\" draggable=\"false\" src=\"https:\/\/s.w.org\/images\/core\/emoji\/17.0.2\/svg\/2728.svg\" alt=\"\u2728\" \/><\/p>","protected":false},"excerpt":{"rendered":"<p data-start=\"0\" data-end=\"270\">Babygrow de suave algod\u00f3n, ideal para el confort diario del beb\u00e9.<br data-start=\"68\" data-end=\"71\" \/>Este estilo envolvente es pr\u00e1ctico y funcional, facilitando vestirse y cambiar pa\u00f1ales. Luce un estampado de osito de peluche y caballo, que le da un toque de ternura.<\/p>\n<p data-start=\"272\" data-end=\"415\" data-is-last-node=\"\" data-is-only-node=\"\">Es la elecci\u00f3n perfecta para garantizar bienestar, comodidad y encanto en todo momento <img decoding=\"async\" class=\"emoji\" role=\"img\" draggable=\"false\" src=\"https:\/\/s.w.org\/images\/core\/emoji\/17.0.2\/svg\/2728.svg\" alt=\"\u2728\" \/><\/p>","protected":false},"featured_media":8476,"template":"","meta":{"om_disable_all_campaigns":false,"_uag_custom_page_level_css":"","_monsterinsights_skip_tracking":false,"_monsterinsights_sitenote_active":false,"_monsterinsights_sitenote_note":"","_monsterinsights_sitenote_category":0,"site-sidebar-layout":"default","site-content-layout":"","ast-site-content-layout":"default","site-content-style":"default","site-sidebar-style":"default","ast-global-header-display":"","ast-banner-title-visibility":"","ast-main-header-display":"","ast-hfb-above-header-display":"","ast-hfb-below-header-display":"","ast-hfb-mobile-header-display":"","site-post-title":"","ast-breadcrumbs-content":"","ast-featured-img":"","footer-sml-layout":"","ast-disable-related-posts":"","theme-transparent-header-meta":"default","adv-header-id-meta":"","stick-header-meta":"","header-above-stick-meta":"","header-main-stick-meta":"","header-below-stick-meta":"","astra-migrate-meta-layouts":"set","ast-page-background-enabled":"default","ast-page-background-meta":{"desktop":{"background-color":"","background-image":"","background-repeat":"repeat","background-position":"center center","background-size":"auto","background-attachment":"scroll","background-type":"","background-media":"","overlay-type":"","overlay-color":"","overlay-opacity":"","overlay-gradient":""},"tablet":{"background-color":"","background-image":"","background-repeat":"repeat","background-position":"center center","background-size":"auto","background-attachment":"scroll","background-type":"","background-media":"","overlay-type":"","overlay-color":"","overlay-opacity":"","overlay-gradient":""},"mobile":{"background-color":"","background-image":"","background-repeat":"repeat","background-position":"center center","background-size":"auto","background-attachment":"scroll","background-type":"","background-media":"","overlay-type":"","overlay-color":"","overlay-opacity":"","overlay-gradient":""}},"ast-content-background-meta":{"desktop":{"background-color":"var(--ast-global-color-5)","background-image":"","background-repeat":"repeat","background-position":"center center","background-size":"auto","background-attachment":"scroll","background-type":"","background-media":"","overlay-type":"","overlay-color":"","overlay-opacity":"","overlay-gradient":""},"tablet":{"background-color":"var(--ast-global-color-5)","background-image":"","background-repeat":"repeat","background-position":"center center","background-size":"auto","background-attachment":"scroll","background-type":"","background-media":"","overlay-type":"","overlay-color":"","overlay-opacity":"","overlay-gradient":""},"mobile":{"background-color":"var(--ast-global-color-5)","background-image":"","background-repeat":"repeat","background-position":"center center","background-size":"auto","background-attachment":"scroll","background-type":"","background-media":"","overlay-type":"","overlay-color":"","overlay-opacity":"","overlay-gradient":""}}},"product_brand":[],"product_cat":[40,72],"product_tag":[71],"class_list":{"0":"post-8459","1":"product","2":"type-product","3":"status-publish","4":"has-post-thumbnail","6":"product_cat-babygrows","7":"product_cat-primavera-verao","8":"product_tag-colecao-de-verao","9":"desktop-align-center","10":"tablet-align-center","11":"mobile-align-center","13":"first","14":"instock","15":"shipping-taxable","16":"purchasable","17":"product-type-variable"},"aioseo_notices":[],"uagb_featured_image_src":{"full":["https:\/\/pirulitos.pt\/wp-content\/uploads\/2026\/02\/WhatsApp-Image-2026-02-05-at-22.21.24.jpeg",1024,1024,false],"thumbnail":["https:\/\/pirulitos.pt\/wp-content\/uploads\/2026\/02\/WhatsApp-Image-2026-02-05-at-22.21.24-150x150.jpeg",150,150,true],"medium":["https:\/\/pirulitos.pt\/wp-content\/uploads\/2026\/02\/WhatsApp-Image-2026-02-05-at-22.21.24-300x300.jpeg",300,300,true],"medium_large":["https:\/\/pirulitos.pt\/wp-content\/uploads\/2026\/02\/WhatsApp-Image-2026-02-05-at-22.21.24-768x768.jpeg",768,768,true],"large":["https:\/\/pirulitos.pt\/wp-content\/uploads\/2026\/02\/WhatsApp-Image-2026-02-05-at-22.21.24.jpeg",1024,1024,false],"1536x1536":["https:\/\/pirulitos.pt\/wp-content\/uploads\/2026\/02\/WhatsApp-Image-2026-02-05-at-22.21.24.jpeg",1024,1024,false],"2048x2048":["https:\/\/pirulitos.pt\/wp-content\/uploads\/2026\/02\/WhatsApp-Image-2026-02-05-at-22.21.24.jpeg",1024,1024,false],"trp-custom-language-flag":["https:\/\/pirulitos.pt\/wp-content\/uploads\/2026\/02\/WhatsApp-Image-2026-02-05-at-22.21.24.jpeg",12,12,false],"widget-thumbnail":["https:\/\/pirulitos.pt\/wp-content\/uploads\/2026\/02\/WhatsApp-Image-2026-02-05-at-22.21.24.jpeg",75,75,false],"woocommerce_thumbnail":["https:\/\/pirulitos.pt\/wp-content\/uploads\/2026\/02\/WhatsApp-Image-2026-02-05-at-22.21.24-300x300.jpeg",300,300,true],"woocommerce_single":["https:\/\/pirulitos.pt\/wp-content\/uploads\/2026\/02\/WhatsApp-Image-2026-02-05-at-22.21.24-600x600.jpeg",600,600,true],"woocommerce_gallery_thumbnail":["https:\/\/pirulitos.pt\/wp-content\/uploads\/2026\/02\/WhatsApp-Image-2026-02-05-at-22.21.24-100x100.jpeg",100,100,true],"variation_swatches_image_size":["https:\/\/pirulitos.pt\/wp-content\/uploads\/2026\/02\/WhatsApp-Image-2026-02-05-at-22.21.24-50x50.jpeg",50,50,true],"variation_swatches_tooltip_size":["https:\/\/pirulitos.pt\/wp-content\/uploads\/2026\/02\/WhatsApp-Image-2026-02-05-at-22.21.24-100x100.jpeg",100,100,true]},"uagb_author_info":{"display_name":"Lu\u00eds Costa","author_link":"https:\/\/pirulitos.pt\/es\/author\/"},"uagb_comment_info":0,"uagb_excerpt":"Babygrow em algod\u00e3o macio, ideal para o conforto di\u00e1rio do beb\u00e9.Modelo de trespasse, pr\u00e1tico e funcional, que facilita o vestir e a troca de fralda. Apresenta estampado Ursinho no Cavalinho, que acrescentam um toque de ternura. \u00c9 a escolha perfeita para garantir bem-estar, conforto e charme em todos os momentos","jetpack_sharing_enabled":true,"_links":{"self":[{"href":"https:\/\/pirulitos.pt\/es\/wp-json\/wp\/v2\/product\/8459","targetHints":{"allow":["GET"]}}],"collection":[{"href":"https:\/\/pirulitos.pt\/es\/wp-json\/wp\/v2\/product"}],"about":[{"href":"https:\/\/pirulitos.pt\/es\/wp-json\/wp\/v2\/types\/product"}],"wp:featuredmedia":[{"embeddable":true,"href":"https:\/\/pirulitos.pt\/es\/wp-json\/wp\/v2\/media\/8476"}],"wp:attachment":[{"href":"https:\/\/pirulitos.pt\/es\/wp-json\/wp\/v2\/media?parent=8459"}],"wp:term":[{"taxonomy":"product_brand","embeddable":true,"href":"https:\/\/pirulitos.pt\/es\/wp-json\/wp\/v2\/product_brand?post=8459"},{"taxonomy":"product_cat","embeddable":true,"href":"https:\/\/pirulitos.pt\/es\/wp-json\/wp\/v2\/product_cat?post=8459"},{"taxonomy":"product_tag","embeddable":true,"href":"https:\/\/pirulitos.pt\/es\/wp-json\/wp\/v2\/product_tag?post=8459"}],"curies":[{"name":"wp","href":"https:\/\/api.w.org\/{rel}","templated":true}]}}