{"id":8620,"date":"2026-02-11T14:15:05","date_gmt":"2026-02-11T14:15:05","guid":{"rendered":"https:\/\/pirulitos.pt\/?post_type=product&#038;p=8620"},"modified":"2026-02-11T15:05:43","modified_gmt":"2026-02-11T15:05:43","slug":"conjunto-em-malha-3-pecas-algodao","status":"publish","type":"product","link":"https:\/\/pirulitos.pt\/es\/product\/conjunto-em-malha-3-pecas-algodao\/","title":{"rendered":"Conjunto de punto de 3 piezas 100% Algod\u00f3n"},"content":{"rendered":"<p data-start=\"54\" data-end=\"226\">Un conjunto delicado y c\u00f3modo compuesto por un jersey, un pantal\u00f3n con pies y un gorrito. Confeccionado en punto de algod\u00f3n 100%, es suave, transpirable e ideal para la piel sensible del beb\u00e9.<br \/>\nEl jersey presenta un elegante dibujo de punto y botones laterales, mientras que los pantalones con pies garantizan una mayor comodidad.<br \/>\nPerfecto para uso diario o como regalo.<span style=\"font-size: 16px;\">\u2728<\/span><\/p>","protected":false},"excerpt":{"rendered":"<p>Un conjunto delicado y c\u00f3modo compuesto por un jersey, un pantal\u00f3n con pies y un gorrito. Confeccionado en punto de algod\u00f3n 100%, es suave, transpirable e ideal para la piel sensible del beb\u00e9.<br \/>\nEl jersey presenta un elegante dibujo de punto y botones laterales, mientras que los pantalones con pies garantizan una mayor comodidad.<br \/>\nPerfecto para uso diario o como regalo.<span style=\"font-size: 16px;\">\u2728<\/span><\/p>","protected":false},"featured_media":8627,"template":"","meta":{"om_disable_all_campaigns":false,"_uag_custom_page_level_css":"","_monsterinsights_skip_tracking":false,"_monsterinsights_sitenote_active":false,"_monsterinsights_sitenote_note":"","_monsterinsights_sitenote_category":0,"site-sidebar-layout":"default","site-content-layout":"","ast-site-content-layout":"default","site-content-style":"default","site-sidebar-style":"default","ast-global-header-display":"","ast-banner-title-visibility":"","ast-main-header-display":"","ast-hfb-above-header-display":"","ast-hfb-below-header-display":"","ast-hfb-mobile-header-display":"","site-post-title":"","ast-breadcrumbs-content":"","ast-featured-img":"","footer-sml-layout":"","ast-disable-related-posts":"","theme-transparent-header-meta":"default","adv-header-id-meta":"","stick-header-meta":"","header-above-stick-meta":"","header-main-stick-meta":"","header-below-stick-meta":"","astra-migrate-meta-layouts":"set","ast-page-background-enabled":"default","ast-page-background-meta":{"desktop":{"background-color":"","background-image":"","background-repeat":"repeat","background-position":"center center","background-size":"auto","background-attachment":"scroll","background-type":"","background-media":"","overlay-type":"","overlay-color":"","overlay-opacity":"","overlay-gradient":""},"tablet":{"background-color":"","background-image":"","background-repeat":"repeat","background-position":"center center","background-size":"auto","background-attachment":"scroll","background-type":"","background-media":"","overlay-type":"","overlay-color":"","overlay-opacity":"","overlay-gradient":""},"mobile":{"background-color":"","background-image":"","background-repeat":"repeat","background-position":"center center","background-size":"auto","background-attachment":"scroll","background-type":"","background-media":"","overlay-type":"","overlay-color":"","overlay-opacity":"","overlay-gradient":""}},"ast-content-background-meta":{"desktop":{"background-color":"var(--ast-global-color-5)","background-image":"","background-repeat":"repeat","background-position":"center center","background-size":"auto","background-attachment":"scroll","background-type":"","background-media":"","overlay-type":"","overlay-color":"","overlay-opacity":"","overlay-gradient":""},"tablet":{"background-color":"var(--ast-global-color-5)","background-image":"","background-repeat":"repeat","background-position":"center center","background-size":"auto","background-attachment":"scroll","background-type":"","background-media":"","overlay-type":"","overlay-color":"","overlay-opacity":"","overlay-gradient":""},"mobile":{"background-color":"var(--ast-global-color-5)","background-image":"","background-repeat":"repeat","background-position":"center center","background-size":"auto","background-attachment":"scroll","background-type":"","background-media":"","overlay-type":"","overlay-color":"","overlay-opacity":"","overlay-gradient":""}}},"product_brand":[],"product_cat":[72,45,61],"product_tag":[71],"class_list":{"0":"post-8620","1":"product","2":"type-product","3":"status-publish","4":"has-post-thumbnail","6":"product_cat-primavera-verao","7":"product_cat-roupa","8":"product_cat-malhas","9":"product_tag-colecao-de-verao","10":"desktop-align-center","11":"tablet-align-center","12":"mobile-align-center","14":"first","15":"instock","16":"shipping-taxable","17":"purchasable","18":"product-type-variable"},"aioseo_notices":[],"uagb_featured_image_src":{"full":["https:\/\/pirulitos.pt\/wp-content\/uploads\/2026\/02\/WhatsApp-Image-2026-02-11-at-14.16.46.jpeg",1024,1024,false],"thumbnail":["https:\/\/pirulitos.pt\/wp-content\/uploads\/2026\/02\/WhatsApp-Image-2026-02-11-at-14.16.46-150x150.jpeg",150,150,true],"medium":["https:\/\/pirulitos.pt\/wp-content\/uploads\/2026\/02\/WhatsApp-Image-2026-02-11-at-14.16.46-300x300.jpeg",300,300,true],"medium_large":["https:\/\/pirulitos.pt\/wp-content\/uploads\/2026\/02\/WhatsApp-Image-2026-02-11-at-14.16.46-768x768.jpeg",768,768,true],"large":["https:\/\/pirulitos.pt\/wp-content\/uploads\/2026\/02\/WhatsApp-Image-2026-02-11-at-14.16.46.jpeg",1024,1024,false],"1536x1536":["https:\/\/pirulitos.pt\/wp-content\/uploads\/2026\/02\/WhatsApp-Image-2026-02-11-at-14.16.46.jpeg",1024,1024,false],"2048x2048":["https:\/\/pirulitos.pt\/wp-content\/uploads\/2026\/02\/WhatsApp-Image-2026-02-11-at-14.16.46.jpeg",1024,1024,false],"trp-custom-language-flag":["https:\/\/pirulitos.pt\/wp-content\/uploads\/2026\/02\/WhatsApp-Image-2026-02-11-at-14.16.46-12x12.jpeg",12,12,true],"widget-thumbnail":["https:\/\/pirulitos.pt\/wp-content\/uploads\/2026\/02\/WhatsApp-Image-2026-02-11-at-14.16.46.jpeg",75,75,false],"woocommerce_thumbnail":["https:\/\/pirulitos.pt\/wp-content\/uploads\/2026\/02\/WhatsApp-Image-2026-02-11-at-14.16.46-300x300.jpeg",300,300,true],"woocommerce_single":["https:\/\/pirulitos.pt\/wp-content\/uploads\/2026\/02\/WhatsApp-Image-2026-02-11-at-14.16.46-600x600.jpeg",600,600,true],"woocommerce_gallery_thumbnail":["https:\/\/pirulitos.pt\/wp-content\/uploads\/2026\/02\/WhatsApp-Image-2026-02-11-at-14.16.46-100x100.jpeg",100,100,true],"variation_swatches_image_size":["https:\/\/pirulitos.pt\/wp-content\/uploads\/2026\/02\/WhatsApp-Image-2026-02-11-at-14.16.46-50x50.jpeg",50,50,true],"variation_swatches_tooltip_size":["https:\/\/pirulitos.pt\/wp-content\/uploads\/2026\/02\/WhatsApp-Image-2026-02-11-at-14.16.46-100x100.jpeg",100,100,true]},"uagb_author_info":{"display_name":"Lu\u00eds Costa","author_link":"https:\/\/pirulitos.pt\/es\/author\/"},"uagb_comment_info":0,"uagb_excerpt":"Conjunto delicado e confort\u00e1vel composto por camisola, cal\u00e7a com p\u00e9s e gorro. Confeccionado em malha 100% algod\u00e3o, \u00e9 macio, respir\u00e1vel e ideal para a pele sens\u00edvel do beb\u00e9. A camisola apresenta um elegante padr\u00e3o em malha trabalhada e bot\u00f5es laterais, enquanto a cal\u00e7a com p\u00e9s garante maior aconchego. Perfeito para o dia a dia ou&hellip;","jetpack_sharing_enabled":true,"_links":{"self":[{"href":"https:\/\/pirulitos.pt\/es\/wp-json\/wp\/v2\/product\/8620","targetHints":{"allow":["GET"]}}],"collection":[{"href":"https:\/\/pirulitos.pt\/es\/wp-json\/wp\/v2\/product"}],"about":[{"href":"https:\/\/pirulitos.pt\/es\/wp-json\/wp\/v2\/types\/product"}],"wp:featuredmedia":[{"embeddable":true,"href":"https:\/\/pirulitos.pt\/es\/wp-json\/wp\/v2\/media\/8627"}],"wp:attachment":[{"href":"https:\/\/pirulitos.pt\/es\/wp-json\/wp\/v2\/media?parent=8620"}],"wp:term":[{"taxonomy":"product_brand","embeddable":true,"href":"https:\/\/pirulitos.pt\/es\/wp-json\/wp\/v2\/product_brand?post=8620"},{"taxonomy":"product_cat","embeddable":true,"href":"https:\/\/pirulitos.pt\/es\/wp-json\/wp\/v2\/product_cat?post=8620"},{"taxonomy":"product_tag","embeddable":true,"href":"https:\/\/pirulitos.pt\/es\/wp-json\/wp\/v2\/product_tag?post=8620"}],"curies":[{"name":"wp","href":"https:\/\/api.w.org\/{rel}","templated":true}]}}